{"id":1006,"date":"2024-09-25T16:03:38","date_gmt":"2024-09-25T14:03:38","guid":{"rendered":"https:\/\/staging.gigatec.ch\/?page_id=1006"},"modified":"2025-05-23T09:29:12","modified_gmt":"2025-05-23T07:29:12","slug":"keycom","status":"publish","type":"page","link":"https:\/\/gigatec.ch\/en\/keycom\/","title":{"rendered":"NFC in laundry rooms"},"content":{"rendered":"<div data-elementor-type=\"wp-page\" data-elementor-id=\"1006\" class=\"elementor elementor-1006\" data-elementor-post-type=\"page\">\n\t\t\t\t<div class=\"elementor-element elementor-element-29fa948e e-flex e-con-boxed e-con e-parent\" data-id=\"29fa948e\" data-element_type=\"container\">\n\t\t\t\t\t<div class=\"e-con-inner\">\n\t\t\t\t<div class=\"elementor-element elementor-element-4b544a2e elementor-widget elementor-widget-heading\" data-id=\"4b544a2e\" data-element_type=\"widget\" data-widget_type=\"heading.default\">\n\t\t\t\t<div class=\"elementor-widget-container\">\n\t\t\t\t\t<h2 class=\"elementor-heading-title elementor-size-default\">NFC in laundry rooms<\/h2>\t\t\t\t<\/div>\n\t\t\t\t<\/div>\n\t\t\t\t<div class=\"elementor-element elementor-element-37c042fb elementor-widget-divider--view-line elementor-widget elementor-widget-divider\" data-id=\"37c042fb\" data-element_type=\"widget\" data-widget_type=\"divider.default\">\n\t\t\t\t<div class=\"elementor-widget-container\">\n\t\t\t\t\t\t\t<div class=\"elementor-divider\">\n\t\t\t<span class=\"elementor-divider-separator\">\n\t\t\t\t\t\t<\/span>\n\t\t<\/div>\n\t\t\t\t\t\t<\/div>\n\t\t\t\t<\/div>\n\t\t\t\t\t<\/div>\n\t\t\t\t<\/div>\n\t\t<div class=\"elementor-element elementor-element-6053a721 e-flex e-con-boxed e-con e-parent\" data-id=\"6053a721\" data-element_type=\"container\">\n\t\t\t\t\t<div class=\"e-con-inner\">\n\t\t\t\t<div class=\"elementor-element elementor-element-62a3b093 elementor-widget elementor-widget-text-editor\" data-id=\"62a3b093\" data-element_type=\"widget\" data-widget_type=\"text-editor.default\">\n\t\t\t\t<div class=\"elementor-widget-container\">\n\t\t\t\t\t\t\t\t\t<p style=\"text-align: right;\">January 2024<\/p>\t\t\t\t\t\t\t\t<\/div>\n\t\t\t\t<\/div>\n\t\t\t\t\t<\/div>\n\t\t\t\t<\/div>\n\t\t<div class=\"elementor-element elementor-element-34828194 e-flex e-con-boxed e-con e-parent\" data-id=\"34828194\" data-element_type=\"container\">\n\t\t\t\t\t<div class=\"e-con-inner\">\n\t\t\t\t<div class=\"elementor-element elementor-element-675a1d9f elementor-widget elementor-widget-image\" data-id=\"675a1d9f\" data-element_type=\"widget\" data-widget_type=\"image.default\">\n\t\t\t\t<div class=\"elementor-widget-container\">\n\t\t\t\t\t\t\t\t\t\t\t\t\t\t\t<img fetchpriority=\"high\" decoding=\"async\" width=\"1920\" height=\"675\" src=\"https:\/\/gigatec.ch\/wp-content\/uploads\/2024\/09\/banniere_keycom.jpg\" class=\"attachment-full size-full wp-image-960\" alt=\"\" srcset=\"https:\/\/gigatec.ch\/wp-content\/uploads\/2024\/09\/banniere_keycom.jpg 1920w, https:\/\/gigatec.ch\/wp-content\/uploads\/2024\/09\/banniere_keycom-300x105.jpg 300w, https:\/\/gigatec.ch\/wp-content\/uploads\/2024\/09\/banniere_keycom-1024x360.jpg 1024w, https:\/\/gigatec.ch\/wp-content\/uploads\/2024\/09\/banniere_keycom-768x270.jpg 768w, https:\/\/gigatec.ch\/wp-content\/uploads\/2024\/09\/banniere_keycom-1536x540.jpg 1536w, https:\/\/gigatec.ch\/wp-content\/uploads\/2024\/09\/banniere_keycom-18x6.jpg 18w\" sizes=\"(max-width: 1920px) 100vw, 1920px\" \/>\t\t\t\t\t\t\t\t\t\t\t\t\t\t\t<\/div>\n\t\t\t\t<\/div>\n\t\t\t\t\t<\/div>\n\t\t\t\t<\/div>\n\t\t<div class=\"elementor-element elementor-element-80e341 e-flex e-con-boxed e-con e-parent\" data-id=\"80e341\" data-element_type=\"container\">\n\t\t\t\t\t<div class=\"e-con-inner\">\n\t\t\t\t<div class=\"elementor-element elementor-element-a244d81 elementor-widget elementor-widget-text-editor\" data-id=\"a244d81\" data-element_type=\"widget\" data-widget_type=\"text-editor.default\">\n\t\t\t\t<div class=\"elementor-widget-container\">\n\t\t\t\t\t\t\t\t\t<p>The use of cash in a communal laundry has always been a headache for both the user and the building manager: the need to empty the till, to keep accounts, theft and depredation.<br aria-hidden=\"true\" \/>Keycom SA, a Neuch\u00e2tel-based company, commissioned gigAtec SA to develop a high-performance electronic solution to simplify and secure access and use of these communal areas.<\/p>\t\t\t\t\t\t\t\t<\/div>\n\t\t\t\t<\/div>\n\t\t\t\t\t<\/div>\n\t\t\t\t<\/div>\n\t\t<div class=\"elementor-element elementor-element-5775ed55 e-flex e-con-boxed e-con e-parent\" data-id=\"5775ed55\" data-element_type=\"container\">\n\t\t\t\t\t<div class=\"e-con-inner\">\n\t\t\t\t<div class=\"elementor-element elementor-element-5565cbce elementor-widget elementor-widget-text-editor\" data-id=\"5565cbce\" data-element_type=\"widget\" data-widget_type=\"text-editor.default\">\n\t\t\t\t<div class=\"elementor-widget-container\">\n\t\t\t\t\t\t\t\t\t<p><strong>Digitalization of the key<br \/><\/strong>A small NFC card that can simply be attached to a key ring or stored without a wallet enables access to and use of the laundry, thanks to a proprietary encoding algorithm developed by gigAtec to secure these cards against fraud and copying.<br \/>Keycom SA also offers a complete management application for the the landlord and a mobile application for the user.<br \/>The new box can not only read cards via NFC, but also use the new Application via Bluetooth (BLE) for iPhone and Android.<\/p><div class=\"et_pb_row et_pb_row_5\"><div class=\"et_pb_column et_pb_column_4_4 et_pb_column_5 et_pb_css_mix_blend_mode_passthrough et-last-child\"><div class=\"et_pb_module et_pb_text et_pb_text_2 et_pb_text_align_left et_pb_bg_layout_light\"><div class=\"et_pb_text_inner\"><p>This authentication system is part of a global digital solution that includes user account recharging via Twint, online machine reservation and a hotline that can be accessed at any time by creating tickets online via the mobile application offered by Keycom SA.<br \/>However, compatibility with older electronic keys has been retained to make life easier for seniors.<br \/>Keycom SA has more than 15,000 satisfied users, and 400 buildings have already opted for this new solution.<\/p><\/div><p><a href=\"https:\/\/gigatec.ch\/en\/\" target=\"_blank\" rel=\"noopener\">gigAtec SA<\/a>\u00a0has developed this reliable, robust and durable solution, and is also responsible for its production.<\/p><p>Do you have a project involving advanced communication protocols or need to manage remote devices?<br \/>Let's talk about it, we probably have an innovative solution for you - it's without commitment.<\/p><\/div><\/div><\/div><div class=\"et_pb_row et_pb_row_6\"><div class=\"et_pb_column et_pb_column_4_4 et_pb_column_6 et_pb_css_mix_blend_mode_passthrough et-last-child\">\u00a0<\/div><\/div>\t\t\t\t\t\t\t\t<\/div>\n\t\t\t\t<\/div>\n\t\t\t\t\t<\/div>\n\t\t\t\t<\/div>\n\t\t\t\t<\/div>","protected":false},"excerpt":{"rendered":"<p>Du NFC dans les buanderies Janvier 2024 L\u2019utilisation d\u2019argent liquide dans une buanderie collective a toujours \u00e9t\u00e9 un casse-t\u00eate aussi bien pour l\u2019utilisateur que pour le g\u00e9rant d&rsquo;immeuble : n\u00e9cessit\u00e9 de vider la caisse, d\u2019effectuer la comptabilit\u00e9, vol et d\u00e9pr\u00e9dation.Keycom SA, soci\u00e9t\u00e9 neuch\u00e2teloise a\u00a0mandat\u00e9 gigAtec SA pour d\u00e9velopper une solution \u00e9lectronique\u00a0 performante pour simplifier et [&hellip;]<\/p>","protected":false},"author":1,"featured_media":0,"parent":0,"menu_order":0,"comment_status":"closed","ping_status":"closed","template":"","meta":{"footnotes":""},"class_list":["post-1006","page","type-page","status-publish","hentry"],"yoast_head":"<!-- This site is optimized with the Yoast SEO plugin v23.8 - https:\/\/yoast.com\/wordpress\/plugins\/seo\/ -->\n<title>Du NFC dans les buanderies - gigAtec SA<\/title>\n<meta name=\"description\" content=\"D\u00e9veloppement d&#039;une solution NFC pour la gestion des buanderies collectives pour la soci\u00e9t\u00e9 Keycom\" \/>\n<meta name=\"robots\" content=\"index, follow, max-snippet:-1, max-image-preview:large, max-video-preview:-1\" \/>\n<link rel=\"canonical\" href=\"https:\/\/gigatec.ch\/en\/keycom\/\" \/>\n<meta property=\"og:locale\" content=\"en_US\" \/>\n<meta property=\"og:type\" content=\"article\" \/>\n<meta property=\"og:title\" content=\"Du NFC dans les buanderies - gigAtec SA\" \/>\n<meta property=\"og:description\" content=\"D\u00e9veloppement d&#039;une solution NFC pour la gestion des buanderies collectives pour la soci\u00e9t\u00e9 Keycom\" \/>\n<meta property=\"og:url\" content=\"https:\/\/gigatec.ch\/en\/keycom\/\" \/>\n<meta property=\"og:site_name\" content=\"gigAtec SA\" \/>\n<meta property=\"article:publisher\" content=\"https:\/\/www.linkedin.com\/company\/gigatec\" \/>\n<meta property=\"article:modified_time\" content=\"2025-05-23T07:29:12+00:00\" \/>\n<meta property=\"og:image\" content=\"https:\/\/gigatec.ch\/wp-content\/uploads\/2024\/09\/banniere_keycom.jpg\" \/>\n<meta name=\"twitter:card\" content=\"summary_large_image\" \/>\n<meta name=\"twitter:label1\" content=\"Est. reading time\" \/>\n\t<meta name=\"twitter:data1\" content=\"2 minutes\" \/>\n<script type=\"application\/ld+json\" class=\"yoast-schema-graph\">{\"@context\":\"https:\/\/schema.org\",\"@graph\":[{\"@type\":\"WebPage\",\"@id\":\"https:\/\/gigatec.ch\/keycom\/\",\"url\":\"https:\/\/gigatec.ch\/keycom\/\",\"name\":\"Du NFC dans les buanderies - gigAtec SA\",\"isPartOf\":{\"@id\":\"https:\/\/gigatec.ch\/#website\"},\"primaryImageOfPage\":{\"@id\":\"https:\/\/gigatec.ch\/keycom\/#primaryimage\"},\"image\":{\"@id\":\"https:\/\/gigatec.ch\/keycom\/#primaryimage\"},\"thumbnailUrl\":\"https:\/\/gigatec.ch\/wp-content\/uploads\/2024\/09\/banniere_keycom.jpg\",\"datePublished\":\"2024-09-25T14:03:38+00:00\",\"dateModified\":\"2025-05-23T07:29:12+00:00\",\"description\":\"D\u00e9veloppement d'une solution NFC pour la gestion des buanderies collectives pour la soci\u00e9t\u00e9 Keycom\",\"breadcrumb\":{\"@id\":\"https:\/\/gigatec.ch\/keycom\/#breadcrumb\"},\"inLanguage\":\"en-US\",\"potentialAction\":[{\"@type\":\"ReadAction\",\"target\":[\"https:\/\/gigatec.ch\/keycom\/\"]}]},{\"@type\":\"ImageObject\",\"inLanguage\":\"en-US\",\"@id\":\"https:\/\/gigatec.ch\/keycom\/#primaryimage\",\"url\":\"https:\/\/gigatec.ch\/wp-content\/uploads\/2024\/09\/banniere_keycom.jpg\",\"contentUrl\":\"https:\/\/gigatec.ch\/wp-content\/uploads\/2024\/09\/banniere_keycom.jpg\"},{\"@type\":\"BreadcrumbList\",\"@id\":\"https:\/\/gigatec.ch\/keycom\/#breadcrumb\",\"itemListElement\":[{\"@type\":\"ListItem\",\"position\":1,\"name\":\"Accueil\",\"item\":\"https:\/\/gigatec.ch\/\"},{\"@type\":\"ListItem\",\"position\":2,\"name\":\"Du NFC dans les buanderies\"}]},{\"@type\":\"WebSite\",\"@id\":\"https:\/\/gigatec.ch\/#website\",\"url\":\"https:\/\/gigatec.ch\/\",\"name\":\"gigAtec SA\",\"description\":\"sous-traitance \u00e9lectronique\",\"publisher\":{\"@id\":\"https:\/\/gigatec.ch\/#organization\"},\"alternateName\":\"gigAtec\",\"potentialAction\":[{\"@type\":\"SearchAction\",\"target\":{\"@type\":\"EntryPoint\",\"urlTemplate\":\"https:\/\/gigatec.ch\/?s={search_term_string}\"},\"query-input\":{\"@type\":\"PropertyValueSpecification\",\"valueRequired\":true,\"valueName\":\"search_term_string\"}}],\"inLanguage\":\"en-US\"},{\"@type\":\"Organization\",\"@id\":\"https:\/\/gigatec.ch\/#organization\",\"name\":\"gigAtec SA\",\"url\":\"https:\/\/gigatec.ch\/\",\"logo\":{\"@type\":\"ImageObject\",\"inLanguage\":\"en-US\",\"@id\":\"https:\/\/gigatec.ch\/#\/schema\/logo\/image\/\",\"url\":\"https:\/\/gigatec.ch\/wp-content\/uploads\/2024\/02\/gigatec-logo-min-40.png\",\"contentUrl\":\"https:\/\/gigatec.ch\/wp-content\/uploads\/2024\/02\/gigatec-logo-min-40.png\",\"width\":297,\"height\":60,\"caption\":\"gigAtec SA\"},\"image\":{\"@id\":\"https:\/\/gigatec.ch\/#\/schema\/logo\/image\/\"},\"sameAs\":[\"https:\/\/www.linkedin.com\/company\/gigatec\"]}]}<\/script>\n<!-- \/ Yoast SEO plugin. -->","yoast_head_json":{"title":"Du NFC dans les buanderies - gigAtec SA","description":"D\u00e9veloppement d'une solution NFC pour la gestion des buanderies collectives pour la soci\u00e9t\u00e9 Keycom","robots":{"index":"index","follow":"follow","max-snippet":"max-snippet:-1","max-image-preview":"max-image-preview:large","max-video-preview":"max-video-preview:-1"},"canonical":"https:\/\/gigatec.ch\/en\/keycom\/","og_locale":"en_US","og_type":"article","og_title":"Du NFC dans les buanderies - gigAtec SA","og_description":"D\u00e9veloppement d'une solution NFC pour la gestion des buanderies collectives pour la soci\u00e9t\u00e9 Keycom","og_url":"https:\/\/gigatec.ch\/en\/keycom\/","og_site_name":"gigAtec SA","article_publisher":"https:\/\/www.linkedin.com\/company\/gigatec","article_modified_time":"2025-05-23T07:29:12+00:00","og_image":[{"url":"https:\/\/gigatec.ch\/wp-content\/uploads\/2024\/09\/banniere_keycom.jpg"}],"twitter_card":"summary_large_image","twitter_misc":{"Est. reading time":"2 minutes"},"schema":{"@context":"https:\/\/schema.org","@graph":[{"@type":"WebPage","@id":"https:\/\/gigatec.ch\/keycom\/","url":"https:\/\/gigatec.ch\/keycom\/","name":"Du NFC dans les buanderies - gigAtec SA","isPartOf":{"@id":"https:\/\/gigatec.ch\/#website"},"primaryImageOfPage":{"@id":"https:\/\/gigatec.ch\/keycom\/#primaryimage"},"image":{"@id":"https:\/\/gigatec.ch\/keycom\/#primaryimage"},"thumbnailUrl":"https:\/\/gigatec.ch\/wp-content\/uploads\/2024\/09\/banniere_keycom.jpg","datePublished":"2024-09-25T14:03:38+00:00","dateModified":"2025-05-23T07:29:12+00:00","description":"D\u00e9veloppement d'une solution NFC pour la gestion des buanderies collectives pour la soci\u00e9t\u00e9 Keycom","breadcrumb":{"@id":"https:\/\/gigatec.ch\/keycom\/#breadcrumb"},"inLanguage":"en-US","potentialAction":[{"@type":"ReadAction","target":["https:\/\/gigatec.ch\/keycom\/"]}]},{"@type":"ImageObject","inLanguage":"en-US","@id":"https:\/\/gigatec.ch\/keycom\/#primaryimage","url":"https:\/\/gigatec.ch\/wp-content\/uploads\/2024\/09\/banniere_keycom.jpg","contentUrl":"https:\/\/gigatec.ch\/wp-content\/uploads\/2024\/09\/banniere_keycom.jpg"},{"@type":"BreadcrumbList","@id":"https:\/\/gigatec.ch\/keycom\/#breadcrumb","itemListElement":[{"@type":"ListItem","position":1,"name":"Accueil","item":"https:\/\/gigatec.ch\/"},{"@type":"ListItem","position":2,"name":"Du NFC dans les buanderies"}]},{"@type":"WebSite","@id":"https:\/\/gigatec.ch\/#website","url":"https:\/\/gigatec.ch\/","name":"gigAtec SA","description":"sous-traitance \u00e9lectronique","publisher":{"@id":"https:\/\/gigatec.ch\/#organization"},"alternateName":"gigAtec","potentialAction":[{"@type":"SearchAction","target":{"@type":"EntryPoint","urlTemplate":"https:\/\/gigatec.ch\/?s={search_term_string}"},"query-input":{"@type":"PropertyValueSpecification","valueRequired":true,"valueName":"search_term_string"}}],"inLanguage":"en-US"},{"@type":"Organization","@id":"https:\/\/gigatec.ch\/#organization","name":"gigAtec SA","url":"https:\/\/gigatec.ch\/","logo":{"@type":"ImageObject","inLanguage":"en-US","@id":"https:\/\/gigatec.ch\/#\/schema\/logo\/image\/","url":"https:\/\/gigatec.ch\/wp-content\/uploads\/2024\/02\/gigatec-logo-min-40.png","contentUrl":"https:\/\/gigatec.ch\/wp-content\/uploads\/2024\/02\/gigatec-logo-min-40.png","width":297,"height":60,"caption":"gigAtec SA"},"image":{"@id":"https:\/\/gigatec.ch\/#\/schema\/logo\/image\/"},"sameAs":["https:\/\/www.linkedin.com\/company\/gigatec"]}]}},"_links":{"self":[{"href":"https:\/\/gigatec.ch\/en\/wp-json\/wp\/v2\/pages\/1006","targetHints":{"allow":["GET"]}}],"collection":[{"href":"https:\/\/gigatec.ch\/en\/wp-json\/wp\/v2\/pages"}],"about":[{"href":"https:\/\/gigatec.ch\/en\/wp-json\/wp\/v2\/types\/page"}],"author":[{"embeddable":true,"href":"https:\/\/gigatec.ch\/en\/wp-json\/wp\/v2\/users\/1"}],"replies":[{"embeddable":true,"href":"https:\/\/gigatec.ch\/en\/wp-json\/wp\/v2\/comments?post=1006"}],"version-history":[{"count":17,"href":"https:\/\/gigatec.ch\/en\/wp-json\/wp\/v2\/pages\/1006\/revisions"}],"predecessor-version":[{"id":2066,"href":"https:\/\/gigatec.ch\/en\/wp-json\/wp\/v2\/pages\/1006\/revisions\/2066"}],"wp:attachment":[{"href":"https:\/\/gigatec.ch\/en\/wp-json\/wp\/v2\/media?parent=1006"}],"curies":[{"name":"wp","href":"https:\/\/api.w.org\/{rel}","templated":true}]}}