{"id":1528,"date":"2024-10-07T08:55:22","date_gmt":"2024-10-07T06:55:22","guid":{"rendered":"https:\/\/staging.gigatec.ch\/?page_id=1528"},"modified":"2025-05-23T09:24:20","modified_gmt":"2025-05-23T07:24:20","slug":"confidentialite","status":"publish","type":"page","link":"https:\/\/gigatec.ch\/en\/confidentialite\/","title":{"rendered":"Confidentialit\u00e9"},"content":{"rendered":"<div data-elementor-type=\"wp-page\" data-elementor-id=\"1528\" class=\"elementor elementor-1528\" data-elementor-post-type=\"page\">\n\t\t\t\t<div class=\"elementor-element elementor-element-19b1a39f e-flex e-con-boxed e-con e-parent\" data-id=\"19b1a39f\" data-element_type=\"container\">\n\t\t\t\t\t<div class=\"e-con-inner\">\n\t\t\t\t<div class=\"elementor-element elementor-element-79e15978 elementor-widget-divider--view-line elementor-widget elementor-widget-divider\" data-id=\"79e15978\" data-element_type=\"widget\" data-widget_type=\"divider.default\">\n\t\t\t\t<div class=\"elementor-widget-container\">\n\t\t\t\t\t\t\t<div class=\"elementor-divider\">\n\t\t\t<span class=\"elementor-divider-separator\">\n\t\t\t\t\t\t<\/span>\n\t\t<\/div>\n\t\t\t\t\t\t<\/div>\n\t\t\t\t<\/div>\n\t\t\t\t<div class=\"elementor-element elementor-element-47a1962b elementor-widget elementor-widget-heading\" data-id=\"47a1962b\" data-element_type=\"widget\" data-widget_type=\"heading.default\">\n\t\t\t\t<div class=\"elementor-widget-container\">\n\t\t\t\t\t<h2 class=\"elementor-heading-title elementor-size-default\">PRIVACY AND COOKIES POLICY<\/h2>\t\t\t\t<\/div>\n\t\t\t\t<\/div>\n\t\t\t\t\t<\/div>\n\t\t\t\t<\/div>\n\t\t<div class=\"elementor-element elementor-element-499f6b7 e-flex e-con-boxed e-con e-parent\" data-id=\"499f6b7\" data-element_type=\"container\">\n\t\t\t\t\t<div class=\"e-con-inner\">\n\t\t\t\t<div class=\"elementor-element elementor-element-ccc404c elementor-widget elementor-widget-text-editor\" data-id=\"ccc404c\" data-element_type=\"widget\" data-widget_type=\"text-editor.default\">\n\t\t\t\t<div class=\"elementor-widget-container\">\n\t\t\t\t\t\t\t\t\t<p>gigAtec.ch is subject to the law of personal data protection and copyright. We are therefore required to declare our compliance with the GDPR (General Data Protection Regulation). This is a very complicated area and we're not lawyers, nor do we want to hire one simply to create endless pages of specialized jargon that few manage to truly understand.<\/p><p>We'll make it simple: the personal data you send us using the contact or booking form will not be passed on to third parties under any circumstances, except as necessary to process your requests. At your request, we can easily delete them from our database, simply by sending an e-mail to info@gigatec.ch with your full contact details, corresponding to the form you sent us.<\/p><p>On the first visit to the Site, a cookie is sent to the user's computer to uniquely identify the browser.<\/p><p>A \u201ccookie\u201d is a small file containing a string of characters that is sent to the user's computer when they visit a website.<\/p><p>GigAtec SA uses cookies to better serve users when they return to the Site, to improve the quality of the service offered and to better understand how the Site is used. To do this, we store user preferences in cookies and track the trends and habits of Site visitors.<\/p><p>Most browsers are initially configured to accept cookies. You can adjust your browser settings to refuse all cookies or to notify you when a cookie is being sent. However, certain functionalities or services offered on the Site may not function correctly without cookies.<\/p><p>Social plugins (LinkedIn, Twitter, Facebook, etc.) link to other websites which are not under the responsibility of gigAtec. Access to and use of these sites is at the user's own risk. The information and services offered by these sites are the sole responsibility of their authors.<\/p><p>\u200bLike you, we value your privacy. We're committed to keeping yours that way.<\/p>\t\t\t\t\t\t\t\t<\/div>\n\t\t\t\t<\/div>\n\t\t\t\t\t<\/div>\n\t\t\t\t<\/div>\n\t\t\t\t<\/div>","protected":false},"excerpt":{"rendered":"<p>POLITIQUE DE CONFIDENTIALITE ET COOKIES gigAtec.ch est soumis \u00e0 la loi de la protection des donn\u00e9es personnelles et du droit d\u2019auteur. Nous sommes donc tenus de d\u00e9clarer notre conformit\u00e9 \u00e0 la RGPD (R\u00e8glement G\u00e9n\u00e9ral sur la Protection des Donn\u00e9es). C\u2019est un domaine tr\u00e8s compliqu\u00e9 et nous ne sommes pas juriste ni ne voulons en engager [&hellip;]<\/p>","protected":false},"author":1,"featured_media":0,"parent":0,"menu_order":0,"comment_status":"closed","ping_status":"closed","template":"","meta":{"footnotes":""},"class_list":["post-1528","page","type-page","status-publish","hentry"],"yoast_head":"<!-- This site is optimized with the Yoast SEO plugin v23.8 - https:\/\/yoast.com\/wordpress\/plugins\/seo\/ -->\n<title>Confidentialit\u00e9 - gigAtec SA<\/title>\n<meta name=\"description\" content=\"Politique de confidentialit\u00e9 de gigAtec\" \/>\n<meta name=\"robots\" content=\"index, follow, max-snippet:-1, max-image-preview:large, max-video-preview:-1\" \/>\n<link rel=\"canonical\" href=\"https:\/\/gigatec.ch\/en\/confidentialite\/\" \/>\n<meta property=\"og:locale\" content=\"en_US\" \/>\n<meta property=\"og:type\" content=\"article\" \/>\n<meta property=\"og:title\" content=\"Confidentialit\u00e9 - gigAtec SA\" \/>\n<meta property=\"og:description\" content=\"Politique de confidentialit\u00e9 de gigAtec\" \/>\n<meta property=\"og:url\" content=\"https:\/\/gigatec.ch\/en\/confidentialite\/\" \/>\n<meta property=\"og:site_name\" content=\"gigAtec SA\" \/>\n<meta property=\"article:publisher\" content=\"https:\/\/www.linkedin.com\/company\/gigatec\" \/>\n<meta property=\"article:modified_time\" content=\"2025-05-23T07:24:20+00:00\" \/>\n<meta property=\"og:image\" content=\"https:\/\/gigatec.ch\/wp-content\/uploads\/2025\/01\/logo_1200x675.png\" \/>\n\t<meta property=\"og:image:width\" content=\"1200\" \/>\n\t<meta property=\"og:image:height\" content=\"675\" \/>\n\t<meta property=\"og:image:type\" content=\"image\/png\" \/>\n<meta name=\"twitter:card\" content=\"summary_large_image\" \/>\n<meta name=\"twitter:label1\" content=\"Est. reading time\" \/>\n\t<meta name=\"twitter:data1\" content=\"2 minutes\" \/>\n<script type=\"application\/ld+json\" class=\"yoast-schema-graph\">{\"@context\":\"https:\/\/schema.org\",\"@graph\":[{\"@type\":\"WebPage\",\"@id\":\"https:\/\/gigatec.ch\/confidentialite\/\",\"url\":\"https:\/\/gigatec.ch\/confidentialite\/\",\"name\":\"Confidentialit\u00e9 - gigAtec SA\",\"isPartOf\":{\"@id\":\"https:\/\/gigatec.ch\/#website\"},\"datePublished\":\"2024-10-07T06:55:22+00:00\",\"dateModified\":\"2025-05-23T07:24:20+00:00\",\"description\":\"Politique de confidentialit\u00e9 de gigAtec\",\"breadcrumb\":{\"@id\":\"https:\/\/gigatec.ch\/confidentialite\/#breadcrumb\"},\"inLanguage\":\"en-US\",\"potentialAction\":[{\"@type\":\"ReadAction\",\"target\":[\"https:\/\/gigatec.ch\/confidentialite\/\"]}]},{\"@type\":\"BreadcrumbList\",\"@id\":\"https:\/\/gigatec.ch\/confidentialite\/#breadcrumb\",\"itemListElement\":[{\"@type\":\"ListItem\",\"position\":1,\"name\":\"Accueil\",\"item\":\"https:\/\/gigatec.ch\/\"},{\"@type\":\"ListItem\",\"position\":2,\"name\":\"Confidentialit\u00e9\"}]},{\"@type\":\"WebSite\",\"@id\":\"https:\/\/gigatec.ch\/#website\",\"url\":\"https:\/\/gigatec.ch\/\",\"name\":\"gigAtec SA\",\"description\":\"sous-traitance \u00e9lectronique\",\"publisher\":{\"@id\":\"https:\/\/gigatec.ch\/#organization\"},\"alternateName\":\"gigAtec\",\"potentialAction\":[{\"@type\":\"SearchAction\",\"target\":{\"@type\":\"EntryPoint\",\"urlTemplate\":\"https:\/\/gigatec.ch\/?s={search_term_string}\"},\"query-input\":{\"@type\":\"PropertyValueSpecification\",\"valueRequired\":true,\"valueName\":\"search_term_string\"}}],\"inLanguage\":\"en-US\"},{\"@type\":\"Organization\",\"@id\":\"https:\/\/gigatec.ch\/#organization\",\"name\":\"gigAtec SA\",\"url\":\"https:\/\/gigatec.ch\/\",\"logo\":{\"@type\":\"ImageObject\",\"inLanguage\":\"en-US\",\"@id\":\"https:\/\/gigatec.ch\/#\/schema\/logo\/image\/\",\"url\":\"https:\/\/gigatec.ch\/wp-content\/uploads\/2024\/02\/gigatec-logo-min-40.png\",\"contentUrl\":\"https:\/\/gigatec.ch\/wp-content\/uploads\/2024\/02\/gigatec-logo-min-40.png\",\"width\":297,\"height\":60,\"caption\":\"gigAtec SA\"},\"image\":{\"@id\":\"https:\/\/gigatec.ch\/#\/schema\/logo\/image\/\"},\"sameAs\":[\"https:\/\/www.linkedin.com\/company\/gigatec\"]}]}<\/script>\n<!-- \/ Yoast SEO plugin. -->","yoast_head_json":{"title":"Confidentialit\u00e9 - gigAtec SA","description":"Politique de confidentialit\u00e9 de gigAtec","robots":{"index":"index","follow":"follow","max-snippet":"max-snippet:-1","max-image-preview":"max-image-preview:large","max-video-preview":"max-video-preview:-1"},"canonical":"https:\/\/gigatec.ch\/en\/confidentialite\/","og_locale":"en_US","og_type":"article","og_title":"Confidentialit\u00e9 - gigAtec SA","og_description":"Politique de confidentialit\u00e9 de gigAtec","og_url":"https:\/\/gigatec.ch\/en\/confidentialite\/","og_site_name":"gigAtec SA","article_publisher":"https:\/\/www.linkedin.com\/company\/gigatec","article_modified_time":"2025-05-23T07:24:20+00:00","og_image":[{"width":1200,"height":675,"url":"https:\/\/gigatec.ch\/wp-content\/uploads\/2025\/01\/logo_1200x675.png","type":"image\/png"}],"twitter_card":"summary_large_image","twitter_misc":{"Est. reading time":"2 minutes"},"schema":{"@context":"https:\/\/schema.org","@graph":[{"@type":"WebPage","@id":"https:\/\/gigatec.ch\/confidentialite\/","url":"https:\/\/gigatec.ch\/confidentialite\/","name":"Confidentialit\u00e9 - gigAtec SA","isPartOf":{"@id":"https:\/\/gigatec.ch\/#website"},"datePublished":"2024-10-07T06:55:22+00:00","dateModified":"2025-05-23T07:24:20+00:00","description":"Politique de confidentialit\u00e9 de gigAtec","breadcrumb":{"@id":"https:\/\/gigatec.ch\/confidentialite\/#breadcrumb"},"inLanguage":"en-US","potentialAction":[{"@type":"ReadAction","target":["https:\/\/gigatec.ch\/confidentialite\/"]}]},{"@type":"BreadcrumbList","@id":"https:\/\/gigatec.ch\/confidentialite\/#breadcrumb","itemListElement":[{"@type":"ListItem","position":1,"name":"Accueil","item":"https:\/\/gigatec.ch\/"},{"@type":"ListItem","position":2,"name":"Confidentialit\u00e9"}]},{"@type":"WebSite","@id":"https:\/\/gigatec.ch\/#website","url":"https:\/\/gigatec.ch\/","name":"gigAtec SA","description":"sous-traitance \u00e9lectronique","publisher":{"@id":"https:\/\/gigatec.ch\/#organization"},"alternateName":"gigAtec","potentialAction":[{"@type":"SearchAction","target":{"@type":"EntryPoint","urlTemplate":"https:\/\/gigatec.ch\/?s={search_term_string}"},"query-input":{"@type":"PropertyValueSpecification","valueRequired":true,"valueName":"search_term_string"}}],"inLanguage":"en-US"},{"@type":"Organization","@id":"https:\/\/gigatec.ch\/#organization","name":"gigAtec SA","url":"https:\/\/gigatec.ch\/","logo":{"@type":"ImageObject","inLanguage":"en-US","@id":"https:\/\/gigatec.ch\/#\/schema\/logo\/image\/","url":"https:\/\/gigatec.ch\/wp-content\/uploads\/2024\/02\/gigatec-logo-min-40.png","contentUrl":"https:\/\/gigatec.ch\/wp-content\/uploads\/2024\/02\/gigatec-logo-min-40.png","width":297,"height":60,"caption":"gigAtec SA"},"image":{"@id":"https:\/\/gigatec.ch\/#\/schema\/logo\/image\/"},"sameAs":["https:\/\/www.linkedin.com\/company\/gigatec"]}]}},"_links":{"self":[{"href":"https:\/\/gigatec.ch\/en\/wp-json\/wp\/v2\/pages\/1528","targetHints":{"allow":["GET"]}}],"collection":[{"href":"https:\/\/gigatec.ch\/en\/wp-json\/wp\/v2\/pages"}],"about":[{"href":"https:\/\/gigatec.ch\/en\/wp-json\/wp\/v2\/types\/page"}],"author":[{"embeddable":true,"href":"https:\/\/gigatec.ch\/en\/wp-json\/wp\/v2\/users\/1"}],"replies":[{"embeddable":true,"href":"https:\/\/gigatec.ch\/en\/wp-json\/wp\/v2\/comments?post=1528"}],"version-history":[{"count":6,"href":"https:\/\/gigatec.ch\/en\/wp-json\/wp\/v2\/pages\/1528\/revisions"}],"predecessor-version":[{"id":2008,"href":"https:\/\/gigatec.ch\/en\/wp-json\/wp\/v2\/pages\/1528\/revisions\/2008"}],"wp:attachment":[{"href":"https:\/\/gigatec.ch\/en\/wp-json\/wp\/v2\/media?parent=1528"}],"curies":[{"name":"wp","href":"https:\/\/api.w.org\/{rel}","templated":true}]}}