{"id":180,"date":"2024-03-08T13:48:34","date_gmt":"2024-03-08T12:48:34","guid":{"rendered":"https:\/\/staging.gigatec.ch\/?page_id=180"},"modified":"2025-05-23T09:59:35","modified_gmt":"2025-05-23T07:59:35","slug":"realisations","status":"publish","type":"page","link":"https:\/\/gigatec.ch\/en\/realisations\/","title":{"rendered":"Industries"},"content":{"rendered":"<div data-elementor-type=\"wp-page\" data-elementor-id=\"180\" class=\"elementor elementor-180\" data-elementor-post-type=\"page\">\n\t\t\t\t<div class=\"elementor-element elementor-element-4f3c9a59 e-flex e-con-boxed e-con e-parent\" data-id=\"4f3c9a59\" data-element_type=\"container\">\n\t\t\t\t\t<div class=\"e-con-inner\">\n\t\t\t\t<div class=\"elementor-element elementor-element-6441cec8 elementor-widget-divider--view-line elementor-widget elementor-widget-divider\" data-id=\"6441cec8\" data-element_type=\"widget\" data-widget_type=\"divider.default\">\n\t\t\t\t<div class=\"elementor-widget-container\">\n\t\t\t\t\t\t\t<div class=\"elementor-divider\">\n\t\t\t<span class=\"elementor-divider-separator\">\n\t\t\t\t\t\t<\/span>\n\t\t<\/div>\n\t\t\t\t\t\t<\/div>\n\t\t\t\t<\/div>\n\t\t\t\t<div class=\"elementor-element elementor-element-d5d2ff8 elementor-widget elementor-widget-heading\" data-id=\"d5d2ff8\" data-element_type=\"widget\" data-widget_type=\"heading.default\">\n\t\t\t\t<div class=\"elementor-widget-container\">\n\t\t\t\t\t<h2 class=\"elementor-heading-title elementor-size-default\">BUSINESS SEGMENTS<\/h2>\t\t\t\t<\/div>\n\t\t\t\t<\/div>\n\t\t\t\t\t<\/div>\n\t\t\t\t<\/div>\n\t\t<div class=\"elementor-element elementor-element-589b49b e-flex e-con-boxed e-con e-parent\" data-id=\"589b49b\" data-element_type=\"container\" data-settings=\"{&quot;background_background&quot;:&quot;gradient&quot;}\">\n\t\t\t\t\t<div class=\"e-con-inner\">\n\t\t<div class=\"elementor-element elementor-element-ab03bfb e-con-full e-flex e-con e-child\" data-id=\"ab03bfb\" data-element_type=\"container\">\n\t\t\t\t<div class=\"elementor-element elementor-element-d138fe4 elementor-widget__width-initial elementor-widget elementor-widget-image\" data-id=\"d138fe4\" data-element_type=\"widget\" data-widget_type=\"image.default\">\n\t\t\t\t<div class=\"elementor-widget-container\">\n\t\t\t\t\t\t\t\t\t\t\t\t\t\t\t<img fetchpriority=\"high\" decoding=\"async\" width=\"750\" height=\"600\" src=\"https:\/\/gigatec.ch\/wp-content\/uploads\/2024\/10\/realisations.png\" class=\"elementor-animation-grow attachment-large size-large wp-image-1288\" alt=\"\" srcset=\"https:\/\/gigatec.ch\/wp-content\/uploads\/2024\/10\/realisations.png 750w, https:\/\/gigatec.ch\/wp-content\/uploads\/2024\/10\/realisations-300x240.png 300w, https:\/\/gigatec.ch\/wp-content\/uploads\/2024\/10\/realisations-15x12.png 15w\" sizes=\"(max-width: 750px) 100vw, 750px\" \/>\t\t\t\t\t\t\t\t\t\t\t\t\t\t\t<\/div>\n\t\t\t\t<\/div>\n\t\t\t\t<\/div>\n\t\t<div class=\"elementor-element elementor-element-97324fd e-con-full e-flex e-con e-child\" data-id=\"97324fd\" data-element_type=\"container\">\n\t\t\t\t<\/div>\n\t\t\t\t\t<\/div>\n\t\t\t\t<\/div>\n\t\t<div class=\"elementor-element elementor-element-ec8c129 e-flex e-con-boxed e-con e-parent\" data-id=\"ec8c129\" data-element_type=\"container\">\n\t\t\t\t\t<div class=\"e-con-inner\">\n\t\t<div class=\"elementor-element elementor-element-d504868 e-con-full e-flex e-con e-child\" data-id=\"d504868\" data-element_type=\"container\">\n\t\t\t\t<div class=\"elementor-element elementor-element-a331928 elementor-widget elementor-widget-text-editor\" data-id=\"a331928\" data-element_type=\"widget\" data-widget_type=\"text-editor.default\">\n\t\t\t\t<div class=\"elementor-widget-container\">\n\t\t\t\t\t\t\t\t\t<p>Our skills are highly multidisciplinary. We have recognized expertise in the fields of watchmaking, machine tools, personal safety, instrumentation and the general public.<\/p><p>For reasons of confidentiality, we cannot list all our end customers here. We would be happy to show you some of our achievements during a visit to our premises.<\/p>\t\t\t\t\t\t\t\t<\/div>\n\t\t\t\t<\/div>\n\t\t\t\t<\/div>\n\t\t<div class=\"elementor-element elementor-element-ddd8ebc e-con-full e-flex e-con e-child\" data-id=\"ddd8ebc\" data-element_type=\"container\">\n\t\t\t\t<div class=\"elementor-element elementor-element-572d7f6 elementor-widget elementor-widget-image\" data-id=\"572d7f6\" data-element_type=\"widget\" data-widget_type=\"image.default\">\n\t\t\t\t<div class=\"elementor-widget-container\">\n\t\t\t\t\t\t\t\t\t\t\t\t\t\t\t<img decoding=\"async\" width=\"800\" height=\"503\" src=\"https:\/\/gigatec.ch\/wp-content\/uploads\/2024\/10\/business_segments.png\" class=\"attachment-large size-large wp-image-1534\" alt=\"\" srcset=\"https:\/\/gigatec.ch\/wp-content\/uploads\/2024\/10\/business_segments.png 3467w, https:\/\/gigatec.ch\/wp-content\/uploads\/2024\/10\/business_segments-300x189.png 300w, https:\/\/gigatec.ch\/wp-content\/uploads\/2024\/10\/business_segments-1024x644.png 1024w, https:\/\/gigatec.ch\/wp-content\/uploads\/2024\/10\/business_segments-768x483.png 768w, https:\/\/gigatec.ch\/wp-content\/uploads\/2024\/10\/business_segments-1536x966.png 1536w, https:\/\/gigatec.ch\/wp-content\/uploads\/2024\/10\/business_segments-2048x1288.png 2048w, https:\/\/gigatec.ch\/wp-content\/uploads\/2024\/10\/business_segments-18x12.png 18w\" sizes=\"(max-width: 800px) 100vw, 800px\" \/>\t\t\t\t\t\t\t\t\t\t\t\t\t\t\t<\/div>\n\t\t\t\t<\/div>\n\t\t\t\t<\/div>\n\t\t\t\t\t<\/div>\n\t\t\t\t<\/div>\n\t\t\t\t<\/div>","protected":false},"excerpt":{"rendered":"<p>SECTEURS D&rsquo;ACTIVIT\u00c9S Nos comp\u00e9tences sont tr\u00e8s pluridisciplinaires. Nous avons notamment une expertise reconnue dans les domaines de l&rsquo;horlogerie, de la machine-outil, de la s\u00e9curit\u00e9 \u00e0 la personne, de\u00a0 l&rsquo;instrumentation et du grand public. Pour des questions de confidentialit\u00e9s nous ne pouvons pas expos\u00e9s ici une liste de nos clients finaux. Nous vous pr\u00e9senterons volontiers certaines [&hellip;]<\/p>","protected":false},"author":1,"featured_media":0,"parent":0,"menu_order":0,"comment_status":"closed","ping_status":"closed","template":"","meta":{"footnotes":""},"class_list":["post-180","page","type-page","status-publish","hentry"],"yoast_head":"<!-- This site is optimized with the Yoast SEO plugin v23.8 - https:\/\/yoast.com\/wordpress\/plugins\/seo\/ -->\n<title>Secteurs d&#039;activit\u00e9s - gigAtec SA<\/title>\n<meta name=\"description\" content=\"Nous avons notamment une expertise reconnue dans les domaines de l\u2019horlogerie, de la machine-outil, de la s\u00e9curit\u00e9 \u00e0 la personne, de l\u2019instrumentation et du grand public.\" \/>\n<meta name=\"robots\" content=\"index, follow, max-snippet:-1, max-image-preview:large, max-video-preview:-1\" \/>\n<link rel=\"canonical\" href=\"https:\/\/gigatec.ch\/en\/realisations\/\" \/>\n<meta property=\"og:locale\" content=\"en_US\" \/>\n<meta property=\"og:type\" content=\"article\" \/>\n<meta property=\"og:title\" content=\"Secteurs d&#039;activit\u00e9s - gigAtec SA\" \/>\n<meta property=\"og:description\" content=\"Nous avons notamment une expertise reconnue dans les domaines de l\u2019horlogerie, de la machine-outil, de la s\u00e9curit\u00e9 \u00e0 la personne, de l\u2019instrumentation et du grand public.\" \/>\n<meta property=\"og:url\" content=\"https:\/\/gigatec.ch\/en\/realisations\/\" \/>\n<meta property=\"og:site_name\" content=\"gigAtec SA\" \/>\n<meta property=\"article:publisher\" content=\"https:\/\/www.linkedin.com\/company\/gigatec\" \/>\n<meta property=\"article:modified_time\" content=\"2025-05-23T07:59:35+00:00\" \/>\n<meta property=\"og:image\" content=\"https:\/\/staging.gigatec.ch\/wp-content\/uploads\/2024\/10\/realisations.png\" \/>\n<meta name=\"twitter:card\" content=\"summary_large_image\" \/>\n<meta name=\"twitter:label1\" content=\"Est. reading time\" \/>\n\t<meta name=\"twitter:data1\" content=\"1 minute\" \/>\n<script type=\"application\/ld+json\" class=\"yoast-schema-graph\">{\"@context\":\"https:\/\/schema.org\",\"@graph\":[{\"@type\":\"WebPage\",\"@id\":\"https:\/\/gigatec.ch\/realisations\/\",\"url\":\"https:\/\/gigatec.ch\/realisations\/\",\"name\":\"Secteurs d'activit\u00e9s - gigAtec SA\",\"isPartOf\":{\"@id\":\"https:\/\/gigatec.ch\/#website\"},\"primaryImageOfPage\":{\"@id\":\"https:\/\/gigatec.ch\/realisations\/#primaryimage\"},\"image\":{\"@id\":\"https:\/\/gigatec.ch\/realisations\/#primaryimage\"},\"thumbnailUrl\":\"https:\/\/staging.gigatec.ch\/wp-content\/uploads\/2024\/10\/realisations.png\",\"datePublished\":\"2024-03-08T12:48:34+00:00\",\"dateModified\":\"2025-05-23T07:59:35+00:00\",\"description\":\"Nous avons notamment une expertise reconnue dans les domaines de l\u2019horlogerie, de la machine-outil, de la s\u00e9curit\u00e9 \u00e0 la personne, de l\u2019instrumentation et du grand public.\",\"breadcrumb\":{\"@id\":\"https:\/\/gigatec.ch\/realisations\/#breadcrumb\"},\"inLanguage\":\"en-US\",\"potentialAction\":[{\"@type\":\"ReadAction\",\"target\":[\"https:\/\/gigatec.ch\/realisations\/\"]}]},{\"@type\":\"ImageObject\",\"inLanguage\":\"en-US\",\"@id\":\"https:\/\/gigatec.ch\/realisations\/#primaryimage\",\"url\":\"https:\/\/staging.gigatec.ch\/wp-content\/uploads\/2024\/10\/realisations.png\",\"contentUrl\":\"https:\/\/staging.gigatec.ch\/wp-content\/uploads\/2024\/10\/realisations.png\"},{\"@type\":\"BreadcrumbList\",\"@id\":\"https:\/\/gigatec.ch\/realisations\/#breadcrumb\",\"itemListElement\":[{\"@type\":\"ListItem\",\"position\":1,\"name\":\"Accueil\",\"item\":\"https:\/\/gigatec.ch\/\"},{\"@type\":\"ListItem\",\"position\":2,\"name\":\"Secteurs d&rsquo;activit\u00e9s\"}]},{\"@type\":\"WebSite\",\"@id\":\"https:\/\/gigatec.ch\/#website\",\"url\":\"https:\/\/gigatec.ch\/\",\"name\":\"gigAtec SA\",\"description\":\"sous-traitance \u00e9lectronique\",\"publisher\":{\"@id\":\"https:\/\/gigatec.ch\/#organization\"},\"alternateName\":\"gigAtec\",\"potentialAction\":[{\"@type\":\"SearchAction\",\"target\":{\"@type\":\"EntryPoint\",\"urlTemplate\":\"https:\/\/gigatec.ch\/?s={search_term_string}\"},\"query-input\":{\"@type\":\"PropertyValueSpecification\",\"valueRequired\":true,\"valueName\":\"search_term_string\"}}],\"inLanguage\":\"en-US\"},{\"@type\":\"Organization\",\"@id\":\"https:\/\/gigatec.ch\/#organization\",\"name\":\"gigAtec SA\",\"url\":\"https:\/\/gigatec.ch\/\",\"logo\":{\"@type\":\"ImageObject\",\"inLanguage\":\"en-US\",\"@id\":\"https:\/\/gigatec.ch\/#\/schema\/logo\/image\/\",\"url\":\"https:\/\/gigatec.ch\/wp-content\/uploads\/2024\/02\/gigatec-logo-min-40.png\",\"contentUrl\":\"https:\/\/gigatec.ch\/wp-content\/uploads\/2024\/02\/gigatec-logo-min-40.png\",\"width\":297,\"height\":60,\"caption\":\"gigAtec SA\"},\"image\":{\"@id\":\"https:\/\/gigatec.ch\/#\/schema\/logo\/image\/\"},\"sameAs\":[\"https:\/\/www.linkedin.com\/company\/gigatec\"]}]}<\/script>\n<!-- \/ Yoast SEO plugin. -->","yoast_head_json":{"title":"Secteurs d'activit\u00e9s - gigAtec SA","description":"Nous avons notamment une expertise reconnue dans les domaines de l\u2019horlogerie, de la machine-outil, de la s\u00e9curit\u00e9 \u00e0 la personne, de l\u2019instrumentation et du grand public.","robots":{"index":"index","follow":"follow","max-snippet":"max-snippet:-1","max-image-preview":"max-image-preview:large","max-video-preview":"max-video-preview:-1"},"canonical":"https:\/\/gigatec.ch\/en\/realisations\/","og_locale":"en_US","og_type":"article","og_title":"Secteurs d'activit\u00e9s - gigAtec SA","og_description":"Nous avons notamment une expertise reconnue dans les domaines de l\u2019horlogerie, de la machine-outil, de la s\u00e9curit\u00e9 \u00e0 la personne, de l\u2019instrumentation et du grand public.","og_url":"https:\/\/gigatec.ch\/en\/realisations\/","og_site_name":"gigAtec SA","article_publisher":"https:\/\/www.linkedin.com\/company\/gigatec","article_modified_time":"2025-05-23T07:59:35+00:00","og_image":[{"url":"https:\/\/staging.gigatec.ch\/wp-content\/uploads\/2024\/10\/realisations.png"}],"twitter_card":"summary_large_image","twitter_misc":{"Est. reading time":"1 minute"},"schema":{"@context":"https:\/\/schema.org","@graph":[{"@type":"WebPage","@id":"https:\/\/gigatec.ch\/realisations\/","url":"https:\/\/gigatec.ch\/realisations\/","name":"Secteurs d'activit\u00e9s - gigAtec SA","isPartOf":{"@id":"https:\/\/gigatec.ch\/#website"},"primaryImageOfPage":{"@id":"https:\/\/gigatec.ch\/realisations\/#primaryimage"},"image":{"@id":"https:\/\/gigatec.ch\/realisations\/#primaryimage"},"thumbnailUrl":"https:\/\/staging.gigatec.ch\/wp-content\/uploads\/2024\/10\/realisations.png","datePublished":"2024-03-08T12:48:34+00:00","dateModified":"2025-05-23T07:59:35+00:00","description":"Nous avons notamment une expertise reconnue dans les domaines de l\u2019horlogerie, de la machine-outil, de la s\u00e9curit\u00e9 \u00e0 la personne, de l\u2019instrumentation et du grand public.","breadcrumb":{"@id":"https:\/\/gigatec.ch\/realisations\/#breadcrumb"},"inLanguage":"en-US","potentialAction":[{"@type":"ReadAction","target":["https:\/\/gigatec.ch\/realisations\/"]}]},{"@type":"ImageObject","inLanguage":"en-US","@id":"https:\/\/gigatec.ch\/realisations\/#primaryimage","url":"https:\/\/staging.gigatec.ch\/wp-content\/uploads\/2024\/10\/realisations.png","contentUrl":"https:\/\/staging.gigatec.ch\/wp-content\/uploads\/2024\/10\/realisations.png"},{"@type":"BreadcrumbList","@id":"https:\/\/gigatec.ch\/realisations\/#breadcrumb","itemListElement":[{"@type":"ListItem","position":1,"name":"Accueil","item":"https:\/\/gigatec.ch\/"},{"@type":"ListItem","position":2,"name":"Secteurs d&rsquo;activit\u00e9s"}]},{"@type":"WebSite","@id":"https:\/\/gigatec.ch\/#website","url":"https:\/\/gigatec.ch\/","name":"gigAtec SA","description":"sous-traitance \u00e9lectronique","publisher":{"@id":"https:\/\/gigatec.ch\/#organization"},"alternateName":"gigAtec","potentialAction":[{"@type":"SearchAction","target":{"@type":"EntryPoint","urlTemplate":"https:\/\/gigatec.ch\/?s={search_term_string}"},"query-input":{"@type":"PropertyValueSpecification","valueRequired":true,"valueName":"search_term_string"}}],"inLanguage":"en-US"},{"@type":"Organization","@id":"https:\/\/gigatec.ch\/#organization","name":"gigAtec SA","url":"https:\/\/gigatec.ch\/","logo":{"@type":"ImageObject","inLanguage":"en-US","@id":"https:\/\/gigatec.ch\/#\/schema\/logo\/image\/","url":"https:\/\/gigatec.ch\/wp-content\/uploads\/2024\/02\/gigatec-logo-min-40.png","contentUrl":"https:\/\/gigatec.ch\/wp-content\/uploads\/2024\/02\/gigatec-logo-min-40.png","width":297,"height":60,"caption":"gigAtec SA"},"image":{"@id":"https:\/\/gigatec.ch\/#\/schema\/logo\/image\/"},"sameAs":["https:\/\/www.linkedin.com\/company\/gigatec"]}]}},"_links":{"self":[{"href":"https:\/\/gigatec.ch\/en\/wp-json\/wp\/v2\/pages\/180","targetHints":{"allow":["GET"]}}],"collection":[{"href":"https:\/\/gigatec.ch\/en\/wp-json\/wp\/v2\/pages"}],"about":[{"href":"https:\/\/gigatec.ch\/en\/wp-json\/wp\/v2\/types\/page"}],"author":[{"embeddable":true,"href":"https:\/\/gigatec.ch\/en\/wp-json\/wp\/v2\/users\/1"}],"replies":[{"embeddable":true,"href":"https:\/\/gigatec.ch\/en\/wp-json\/wp\/v2\/comments?post=180"}],"version-history":[{"count":107,"href":"https:\/\/gigatec.ch\/en\/wp-json\/wp\/v2\/pages\/180\/revisions"}],"predecessor-version":[{"id":1659,"href":"https:\/\/gigatec.ch\/en\/wp-json\/wp\/v2\/pages\/180\/revisions\/1659"}],"wp:attachment":[{"href":"https:\/\/gigatec.ch\/en\/wp-json\/wp\/v2\/media?parent=180"}],"curies":[{"name":"wp","href":"https:\/\/api.w.org\/{rel}","templated":true}]}}