{"id":218,"date":"2024-03-11T09:04:07","date_gmt":"2024-03-11T08:04:07","guid":{"rendered":"https:\/\/staging.gigatec.ch\/?page_id=218"},"modified":"2025-05-23T09:55:33","modified_gmt":"2025-05-23T07:55:33","slug":"postes-vacants","status":"publish","type":"page","link":"https:\/\/gigatec.ch\/en\/postes-vacants\/","title":{"rendered":"Postes Vacants"},"content":{"rendered":"<div data-elementor-type=\"wp-page\" data-elementor-id=\"218\" class=\"elementor elementor-218\" data-elementor-post-type=\"page\">\n\t\t\t\t<div class=\"elementor-element elementor-element-5a99c34a e-flex e-con-boxed e-con e-parent\" data-id=\"5a99c34a\" data-element_type=\"container\">\n\t\t\t\t\t<div class=\"e-con-inner\">\n\t\t\t\t<div class=\"elementor-element elementor-element-67fdb66 elementor-widget elementor-widget-heading\" data-id=\"67fdb66\" data-element_type=\"widget\" data-widget_type=\"heading.default\">\n\t\t\t\t<div class=\"elementor-widget-container\">\n\t\t\t\t\t<h2 class=\"elementor-heading-title elementor-size-default\">YOUR CAREER AT GIGATEC<\/h2>\t\t\t\t<\/div>\n\t\t\t\t<\/div>\n\t\t\t\t<div class=\"elementor-element elementor-element-118aae0a elementor-widget-divider--view-line elementor-widget elementor-widget-divider\" data-id=\"118aae0a\" data-element_type=\"widget\" data-widget_type=\"divider.default\">\n\t\t\t\t<div class=\"elementor-widget-container\">\n\t\t\t\t\t\t\t<div class=\"elementor-divider\">\n\t\t\t<span class=\"elementor-divider-separator\">\n\t\t\t\t\t\t<\/span>\n\t\t<\/div>\n\t\t\t\t\t\t<\/div>\n\t\t\t\t<\/div>\n\t\t\t\t\t<\/div>\n\t\t\t\t<\/div>\n\t\t<div class=\"elementor-element elementor-element-7197a7a e-flex e-con-boxed e-con e-parent\" data-id=\"7197a7a\" data-element_type=\"container\" data-settings=\"{&quot;background_background&quot;:&quot;gradient&quot;}\">\n\t\t\t\t\t<div class=\"e-con-inner\">\n\t\t<div class=\"elementor-element elementor-element-639cc7c e-con-full e-flex e-con e-child\" data-id=\"639cc7c\" data-element_type=\"container\">\n\t\t\t\t<div class=\"elementor-element elementor-element-8a8e933 elementor-widget__width-initial elementor-widget elementor-widget-image\" data-id=\"8a8e933\" data-element_type=\"widget\" data-widget_type=\"image.default\">\n\t\t\t\t<div class=\"elementor-widget-container\">\n\t\t\t\t\t\t\t\t\t\t\t\t\t\t\t<img fetchpriority=\"high\" decoding=\"async\" width=\"605\" height=\"634\" src=\"https:\/\/gigatec.ch\/wp-content\/uploads\/2024\/05\/jobs.png\" class=\"attachment-large size-large wp-image-405\" alt=\"\" srcset=\"https:\/\/gigatec.ch\/wp-content\/uploads\/2024\/05\/jobs.png 605w, https:\/\/gigatec.ch\/wp-content\/uploads\/2024\/05\/jobs-286x300.png 286w, https:\/\/gigatec.ch\/wp-content\/uploads\/2024\/05\/jobs-11x12.png 11w\" sizes=\"(max-width: 605px) 100vw, 605px\" \/>\t\t\t\t\t\t\t\t\t\t\t\t\t\t\t<\/div>\n\t\t\t\t<\/div>\n\t\t\t\t<\/div>\n\t\t<div class=\"elementor-element elementor-element-0a1e79c e-con-full e-flex e-con e-child\" data-id=\"0a1e79c\" data-element_type=\"container\">\n\t\t\t\t<div class=\"elementor-element elementor-element-13400e1 elementor-widget elementor-widget-text-editor\" data-id=\"13400e1\" data-element_type=\"widget\" data-widget_type=\"text-editor.default\">\n\t\t\t\t<div class=\"elementor-widget-container\">\n\t\t\t\t\t\t\t\t\t<p>We're always on the lookout for new talent. Our employees' expertise is our most precious asset, the value of our company.<\/p><p>We can offer you a dynamic, family-oriented working environment in a well-established SME. Being active in a wide range of fields, the work on offer is varied and motivating. Ongoing in-house training and support offer interesting prospects for advancement.<\/p>\t\t\t\t\t\t\t\t<\/div>\n\t\t\t\t<\/div>\n\t\t\t\t<\/div>\n\t\t\t\t\t<\/div>\n\t\t\t\t<\/div>\n\t\t<div class=\"elementor-element elementor-element-2fabb0d8 e-flex e-con-boxed e-con e-parent\" data-id=\"2fabb0d8\" data-element_type=\"container\">\n\t\t\t\t\t<div class=\"e-con-inner\">\n\t\t\t\t<div class=\"elementor-element elementor-element-08169b5 elementor-widget-divider--view-line elementor-widget elementor-widget-divider\" data-id=\"08169b5\" data-element_type=\"widget\" data-widget_type=\"divider.default\">\n\t\t\t\t<div class=\"elementor-widget-container\">\n\t\t\t\t\t\t\t<div class=\"elementor-divider\">\n\t\t\t<span class=\"elementor-divider-separator\">\n\t\t\t\t\t\t<\/span>\n\t\t<\/div>\n\t\t\t\t\t\t<\/div>\n\t\t\t\t<\/div>\n\t\t\t\t<div class=\"elementor-element elementor-element-49a36396 elementor-widget elementor-widget-heading\" data-id=\"49a36396\" data-element_type=\"widget\" data-widget_type=\"heading.default\">\n\t\t\t\t<div class=\"elementor-widget-container\">\n\t\t\t\t\t<h2 class=\"elementor-heading-title elementor-size-default\">Open positions<\/h2>\t\t\t\t<\/div>\n\t\t\t\t<\/div>\n\t\t\t\t<div class=\"elementor-element elementor-element-744d525 elementor-widget elementor-widget-text-editor\" data-id=\"744d525\" data-element_type=\"widget\" data-widget_type=\"text-editor.default\">\n\t\t\t\t<div class=\"elementor-widget-container\">\n\t\t\t\t\t\t\t\t\t<p>We have no open positions at the moment.<\/p>\t\t\t\t\t\t\t\t<\/div>\n\t\t\t\t<\/div>\n\t\t\t\t\t<\/div>\n\t\t\t\t<\/div>\n\t\t<div class=\"elementor-element elementor-element-8e58b7a e-flex e-con-boxed e-con e-parent\" data-id=\"8e58b7a\" data-element_type=\"container\">\n\t\t\t\t\t<div class=\"e-con-inner\">\n\t\t\t\t\t<\/div>\n\t\t\t\t<\/div>\n\t\t\t\t<\/div>","protected":false},"excerpt":{"rendered":"<p>VOTRE CARRIERE CHEZ NOUS Nous sommes toujours \u00e0 la recherche de nouveaux talents. L\u2019expertise de nos collaborateurs est notre actif le plus pr\u00e9cieux, c&rsquo;est la valeur de l&rsquo;entreprise. Nous pouvons vous offrir un environnement de travail dynamique et familial dans une PME bien \u00e9tablie. \u00c9tant actif dans de nombreux domaines d&rsquo;activit\u00e9s, le travail propos\u00e9 est [&hellip;]<\/p>","protected":false},"author":1,"featured_media":0,"parent":0,"menu_order":0,"comment_status":"closed","ping_status":"closed","template":"","meta":{"footnotes":""},"class_list":["post-218","page","type-page","status-publish","hentry"],"yoast_head":"<!-- This site is optimized with the Yoast SEO plugin v23.8 - https:\/\/yoast.com\/wordpress\/plugins\/seo\/ -->\n<title>Postes Vacants - gigAtec SA<\/title>\n<meta name=\"description\" content=\"Offres d&#039;emmploi\" \/>\n<meta name=\"robots\" content=\"index, follow, max-snippet:-1, max-image-preview:large, max-video-preview:-1\" \/>\n<link rel=\"canonical\" href=\"https:\/\/gigatec.ch\/en\/postes-vacants\/\" \/>\n<meta property=\"og:locale\" content=\"en_US\" \/>\n<meta property=\"og:type\" content=\"article\" \/>\n<meta property=\"og:title\" content=\"Postes Vacants - gigAtec SA\" \/>\n<meta property=\"og:description\" content=\"Offres d&#039;emmploi\" \/>\n<meta property=\"og:url\" content=\"https:\/\/gigatec.ch\/en\/postes-vacants\/\" \/>\n<meta property=\"og:site_name\" content=\"gigAtec SA\" \/>\n<meta property=\"article:publisher\" content=\"https:\/\/www.linkedin.com\/company\/gigatec\" \/>\n<meta property=\"article:modified_time\" content=\"2025-05-23T07:55:33+00:00\" \/>\n<meta property=\"og:image\" content=\"https:\/\/gigatec.ch\/wp-content\/uploads\/2024\/05\/jobs.png\" \/>\n<meta name=\"twitter:card\" content=\"summary_large_image\" \/>\n<meta name=\"twitter:label1\" content=\"Est. reading time\" \/>\n\t<meta name=\"twitter:data1\" content=\"1 minute\" \/>\n<script type=\"application\/ld+json\" class=\"yoast-schema-graph\">{\"@context\":\"https:\/\/schema.org\",\"@graph\":[{\"@type\":\"WebPage\",\"@id\":\"https:\/\/gigatec.ch\/postes-vacants\/\",\"url\":\"https:\/\/gigatec.ch\/postes-vacants\/\",\"name\":\"Postes Vacants - gigAtec SA\",\"isPartOf\":{\"@id\":\"https:\/\/gigatec.ch\/#website\"},\"primaryImageOfPage\":{\"@id\":\"https:\/\/gigatec.ch\/postes-vacants\/#primaryimage\"},\"image\":{\"@id\":\"https:\/\/gigatec.ch\/postes-vacants\/#primaryimage\"},\"thumbnailUrl\":\"https:\/\/gigatec.ch\/wp-content\/uploads\/2024\/05\/jobs.png\",\"datePublished\":\"2024-03-11T08:04:07+00:00\",\"dateModified\":\"2025-05-23T07:55:33+00:00\",\"description\":\"Offres d'emmploi\",\"breadcrumb\":{\"@id\":\"https:\/\/gigatec.ch\/postes-vacants\/#breadcrumb\"},\"inLanguage\":\"en-US\",\"potentialAction\":[{\"@type\":\"ReadAction\",\"target\":[\"https:\/\/gigatec.ch\/postes-vacants\/\"]}]},{\"@type\":\"ImageObject\",\"inLanguage\":\"en-US\",\"@id\":\"https:\/\/gigatec.ch\/postes-vacants\/#primaryimage\",\"url\":\"https:\/\/gigatec.ch\/wp-content\/uploads\/2024\/05\/jobs.png\",\"contentUrl\":\"https:\/\/gigatec.ch\/wp-content\/uploads\/2024\/05\/jobs.png\"},{\"@type\":\"BreadcrumbList\",\"@id\":\"https:\/\/gigatec.ch\/postes-vacants\/#breadcrumb\",\"itemListElement\":[{\"@type\":\"ListItem\",\"position\":1,\"name\":\"Accueil\",\"item\":\"https:\/\/gigatec.ch\/\"},{\"@type\":\"ListItem\",\"position\":2,\"name\":\"Postes Vacants\"}]},{\"@type\":\"WebSite\",\"@id\":\"https:\/\/gigatec.ch\/#website\",\"url\":\"https:\/\/gigatec.ch\/\",\"name\":\"gigAtec SA\",\"description\":\"sous-traitance \u00e9lectronique\",\"publisher\":{\"@id\":\"https:\/\/gigatec.ch\/#organization\"},\"alternateName\":\"gigAtec\",\"potentialAction\":[{\"@type\":\"SearchAction\",\"target\":{\"@type\":\"EntryPoint\",\"urlTemplate\":\"https:\/\/gigatec.ch\/?s={search_term_string}\"},\"query-input\":{\"@type\":\"PropertyValueSpecification\",\"valueRequired\":true,\"valueName\":\"search_term_string\"}}],\"inLanguage\":\"en-US\"},{\"@type\":\"Organization\",\"@id\":\"https:\/\/gigatec.ch\/#organization\",\"name\":\"gigAtec SA\",\"url\":\"https:\/\/gigatec.ch\/\",\"logo\":{\"@type\":\"ImageObject\",\"inLanguage\":\"en-US\",\"@id\":\"https:\/\/gigatec.ch\/#\/schema\/logo\/image\/\",\"url\":\"https:\/\/gigatec.ch\/wp-content\/uploads\/2024\/02\/gigatec-logo-min-40.png\",\"contentUrl\":\"https:\/\/gigatec.ch\/wp-content\/uploads\/2024\/02\/gigatec-logo-min-40.png\",\"width\":297,\"height\":60,\"caption\":\"gigAtec SA\"},\"image\":{\"@id\":\"https:\/\/gigatec.ch\/#\/schema\/logo\/image\/\"},\"sameAs\":[\"https:\/\/www.linkedin.com\/company\/gigatec\"]}]}<\/script>\n<!-- \/ Yoast SEO plugin. -->","yoast_head_json":{"title":"Postes Vacants - gigAtec SA","description":"Offres d'emmploi","robots":{"index":"index","follow":"follow","max-snippet":"max-snippet:-1","max-image-preview":"max-image-preview:large","max-video-preview":"max-video-preview:-1"},"canonical":"https:\/\/gigatec.ch\/en\/postes-vacants\/","og_locale":"en_US","og_type":"article","og_title":"Postes Vacants - gigAtec SA","og_description":"Offres d'emmploi","og_url":"https:\/\/gigatec.ch\/en\/postes-vacants\/","og_site_name":"gigAtec SA","article_publisher":"https:\/\/www.linkedin.com\/company\/gigatec","article_modified_time":"2025-05-23T07:55:33+00:00","og_image":[{"url":"https:\/\/gigatec.ch\/wp-content\/uploads\/2024\/05\/jobs.png"}],"twitter_card":"summary_large_image","twitter_misc":{"Est. reading time":"1 minute"},"schema":{"@context":"https:\/\/schema.org","@graph":[{"@type":"WebPage","@id":"https:\/\/gigatec.ch\/postes-vacants\/","url":"https:\/\/gigatec.ch\/postes-vacants\/","name":"Postes Vacants - gigAtec SA","isPartOf":{"@id":"https:\/\/gigatec.ch\/#website"},"primaryImageOfPage":{"@id":"https:\/\/gigatec.ch\/postes-vacants\/#primaryimage"},"image":{"@id":"https:\/\/gigatec.ch\/postes-vacants\/#primaryimage"},"thumbnailUrl":"https:\/\/gigatec.ch\/wp-content\/uploads\/2024\/05\/jobs.png","datePublished":"2024-03-11T08:04:07+00:00","dateModified":"2025-05-23T07:55:33+00:00","description":"Offres d'emmploi","breadcrumb":{"@id":"https:\/\/gigatec.ch\/postes-vacants\/#breadcrumb"},"inLanguage":"en-US","potentialAction":[{"@type":"ReadAction","target":["https:\/\/gigatec.ch\/postes-vacants\/"]}]},{"@type":"ImageObject","inLanguage":"en-US","@id":"https:\/\/gigatec.ch\/postes-vacants\/#primaryimage","url":"https:\/\/gigatec.ch\/wp-content\/uploads\/2024\/05\/jobs.png","contentUrl":"https:\/\/gigatec.ch\/wp-content\/uploads\/2024\/05\/jobs.png"},{"@type":"BreadcrumbList","@id":"https:\/\/gigatec.ch\/postes-vacants\/#breadcrumb","itemListElement":[{"@type":"ListItem","position":1,"name":"Accueil","item":"https:\/\/gigatec.ch\/"},{"@type":"ListItem","position":2,"name":"Postes Vacants"}]},{"@type":"WebSite","@id":"https:\/\/gigatec.ch\/#website","url":"https:\/\/gigatec.ch\/","name":"gigAtec SA","description":"sous-traitance \u00e9lectronique","publisher":{"@id":"https:\/\/gigatec.ch\/#organization"},"alternateName":"gigAtec","potentialAction":[{"@type":"SearchAction","target":{"@type":"EntryPoint","urlTemplate":"https:\/\/gigatec.ch\/?s={search_term_string}"},"query-input":{"@type":"PropertyValueSpecification","valueRequired":true,"valueName":"search_term_string"}}],"inLanguage":"en-US"},{"@type":"Organization","@id":"https:\/\/gigatec.ch\/#organization","name":"gigAtec SA","url":"https:\/\/gigatec.ch\/","logo":{"@type":"ImageObject","inLanguage":"en-US","@id":"https:\/\/gigatec.ch\/#\/schema\/logo\/image\/","url":"https:\/\/gigatec.ch\/wp-content\/uploads\/2024\/02\/gigatec-logo-min-40.png","contentUrl":"https:\/\/gigatec.ch\/wp-content\/uploads\/2024\/02\/gigatec-logo-min-40.png","width":297,"height":60,"caption":"gigAtec SA"},"image":{"@id":"https:\/\/gigatec.ch\/#\/schema\/logo\/image\/"},"sameAs":["https:\/\/www.linkedin.com\/company\/gigatec"]}]}},"_links":{"self":[{"href":"https:\/\/gigatec.ch\/en\/wp-json\/wp\/v2\/pages\/218","targetHints":{"allow":["GET"]}}],"collection":[{"href":"https:\/\/gigatec.ch\/en\/wp-json\/wp\/v2\/pages"}],"about":[{"href":"https:\/\/gigatec.ch\/en\/wp-json\/wp\/v2\/types\/page"}],"author":[{"embeddable":true,"href":"https:\/\/gigatec.ch\/en\/wp-json\/wp\/v2\/users\/1"}],"replies":[{"embeddable":true,"href":"https:\/\/gigatec.ch\/en\/wp-json\/wp\/v2\/comments?post=218"}],"version-history":[{"count":58,"href":"https:\/\/gigatec.ch\/en\/wp-json\/wp\/v2\/pages\/218\/revisions"}],"predecessor-version":[{"id":2051,"href":"https:\/\/gigatec.ch\/en\/wp-json\/wp\/v2\/pages\/218\/revisions\/2051"}],"wp:attachment":[{"href":"https:\/\/gigatec.ch\/en\/wp-json\/wp\/v2\/media?parent=218"}],"curies":[{"name":"wp","href":"https:\/\/api.w.org\/{rel}","templated":true}]}}